{"id":2016,"date":"2015-04-23T11:19:03","date_gmt":"2015-04-23T09:19:03","guid":{"rendered":"https:\/\/adoriafreight.com\/staging\/logistik-leistungen\/lebensmittellogistik\/"},"modified":"2019-08-15T22:51:25","modified_gmt":"2019-08-15T20:51:25","slug":"gida-lojistik","status":"publish","type":"page","link":"https:\/\/adoriafreight.com\/tr\/lojistik-hizmetleri__trashed\/gida-lojistik\/","title":{"rendered":"G\u0131da Lojistik"},"content":{"rendered":"<div id=\"pl-2016\"  class=\"panel-layout\" >\n<div id=\"pg-2016-0\"  class=\"panel-grid panel-no-style\" >\n<div id=\"pgc-2016-0-0\"  class=\"panel-grid-cell\"  data-weight=\"0.5\" >\n<div id=\"panel-2016-0-0-0\" class=\"so-panel widget widget_black-studio-tinymce widget_black_studio_tinymce panel-first-child\" data-index=\"0\" data-style=\"{&quot;background_image_attachment&quot;:false,&quot;background_display&quot;:&quot;tile&quot;,&quot;featured_widgets&quot;:&quot;&quot;,&quot;bigger_title&quot;:&quot;&quot;}\" >\n<h3 class=\"widget-title\"><span class=\"widget-title__inline\">G\u0131da ve lojistik \u2013 Bizim tutkumuz<\/span><\/h3>\n<div class=\"textwidget\">Adoria Freight, g\u0131da lojistik nakliyecisi olarak sizi memnun eden en iyi \u00e7\u00f6z\u00fcmleri sunar. G\u0131da lojistik uzman\u0131n\u0131z te\u015febb\u00fcs\u00fcn\u00fcz\u00fcn b\u00fct\u00fcn\u00fcne odaklan\u0131r \u2013 \u00e7\u00fcnk\u00fc bizim i\u00e7in \u00f6nemli olan sizin memnuniyetinizdir. G\u0131da lojistik nakliyecisi olarak tedarik zincirinin akla gelebilecek her bir halkas\u0131nda sizin ihtiya\u00e7lar\u0131n\u0131za odaklan\u0131yoruz. Kapsaml\u0131 ta\u015f\u0131mac\u0131l\u0131k a\u011f\u0131m\u0131zla g\u0131da maddelerinizi her an h\u0131zl\u0131 ve g\u00fcvenilir \u015fekilde nakletme kabiliyetine sahibiz! G\u0131da lojisti\u011finde kat\u0131 kurallar vard\u0131r: G\u0131da nakliyesi \u00f6zellikle so\u011futuculu nakliye, \u00e7ok kat\u0131 g\u0131da maddesi g\u00fcmr\u00fckleme mevzuatlar\u0131 ve y\u00fcksek zaman bask\u0131s\u0131 nedeniyle karma\u015f\u0131k bir konudur. Bu nedenle \u00fcr\u00fcn\u00fcn\u00fcz\u00fc g\u00fcvenli bir \u015fekilde A\u2019dan B\u2019ye nakledebilmeniz i\u00e7in size tam kapsaml\u0131 hizmet sunuyoruz. <\/div>\n<\/div>\n<div id=\"panel-2016-0-0-1\" class=\"so-panel widget widget_sow-editor panel-last-child\" data-index=\"1\" data-style=\"{&quot;background_image_attachment&quot;:false,&quot;background_display&quot;:&quot;tile&quot;,&quot;featured_widgets&quot;:&quot;&quot;,&quot;bigger_title&quot;:&quot;&quot;}\" >\n<div class=\"so-widget-sow-editor so-widget-sow-editor-base\">\n<h3 class=\"widget-title\"><span class=\"widget-title__inline\">G\u0131da lojisti\u011fi karma\u015f\u0131k bir konudur<\/span><\/h3>\n<div class=\"siteorigin-widget-tinymce textwidget\">\n<p class=\"p1\"><span class=\"s1\"><span lang=\"TR\">Maliyetleri d\u00fc\u015f\u00fcrmek ve t\u00fcm olanaklardan en iyi \u015fekilde faydalanmak i\u00e7in kapsaml\u0131 bir ekspertiz gereklidir. G\u0131da tecr\u00fcbesi ve g\u00fcmr\u00fck tarifeleri ve tercihli g\u00fcmr\u00fck uygulamalar\u0131 konusunda ayr\u0131nt\u0131l\u0131 bilgi ile bunlar\u0131n do\u011fru kullan\u0131lmas\u0131, \u015firketiniz i\u00e7in tasarruf edilmi\u015f para anlam\u0131na gelir. Adoria Freight ile g\u0131da lojisti\u011finin standartlar\u0131 g\u00fcvence alt\u0131na al\u0131n\u0131r. G\u0131da pazar\u0131 s\u00fcrekli tedarik ile ya\u015far. Bu kapsamda, mal\u0131n do\u011fru zamanda do\u011fru yerde olmas\u0131n\u0131 g\u00fcvence alt\u0131na almak i\u00e7in dengeli bir tedarik zinciri esast\u0131r. \u015eimdi adoria Freight\u2019\u0131n sa\u011flad\u0131\u011f\u0131 bilgi birikimi ve yap\u0131s\u0131ndan faydalan\u0131n, b\u00f6ylece g\u0131da maddeleriniz zaman\u0131nda ve g\u00fcvenilir \u015fekilde sunulabilir olsun!<\/span><\/span><\/p>\n<\/div>\n<\/div>\n<\/div>\n<\/div>\n<div id=\"pgc-2016-0-1\"  class=\"panel-grid-cell\"  data-weight=\"0.5\" >\n<div id=\"panel-2016-0-1-0\" class=\"so-panel widget widget_black-studio-tinymce widget_black_studio_tinymce panel-first-child\" data-index=\"2\" data-style=\"{&quot;background_image_attachment&quot;:false,&quot;background_display&quot;:&quot;tile&quot;,&quot;featured_widgets&quot;:&quot;&quot;,&quot;bigger_title&quot;:&quot;&quot;}\" >\n<div class=\"textwidget\"><img fetchpriority=\"high\" decoding=\"async\" class=\"wp-image-925 size-full\" src=\"https:\/\/adoriafreight.com\/wp-content\/uploads\/2019\/05\/Lebensmittellogistik-e1559167344879.jpg\" alt=\"Lebensmittellogistik-Titelbild\" width=\"848\" height=\"479\" srcset=\"https:\/\/adoriafreight.com\/wp-content\/uploads\/2019\/05\/Lebensmittellogistik-e1559167344879.jpg 848w, https:\/\/adoriafreight.com\/wp-content\/uploads\/2019\/05\/Lebensmittellogistik-e1559167344879-300x169.jpg 300w, https:\/\/adoriafreight.com\/wp-content\/uploads\/2019\/05\/Lebensmittellogistik-e1559167344879-768x434.jpg 768w, https:\/\/adoriafreight.com\/wp-content\/uploads\/2019\/05\/Lebensmittellogistik-e1559167344879-360x204.jpg 360w\" sizes=\"(max-width: 848px) 100vw, 848px\" \/><\/p>\n<p>&nbsp;<\/p>\n<p><img decoding=\"async\" class=\"alignnone wp-image-927 size-full\" src=\"https:\/\/adoriafreight.com\/wp-content\/uploads\/2019\/05\/Lebensmittellogistik-2.jpg\" alt=\"Lebensmittellogistik mit Adoria Freight\" width=\"848\" height=\"288\" srcset=\"https:\/\/adoriafreight.com\/wp-content\/uploads\/2019\/05\/Lebensmittellogistik-2.jpg 848w, https:\/\/adoriafreight.com\/wp-content\/uploads\/2019\/05\/Lebensmittellogistik-2-300x102.jpg 300w, https:\/\/adoriafreight.com\/wp-content\/uploads\/2019\/05\/Lebensmittellogistik-2-768x261.jpg 768w\" sizes=\"(max-width: 848px) 100vw, 848px\" \/><\/p>\n<p>&nbsp;<\/p><\/div>\n<\/div>\n<div id=\"panel-2016-0-1-1\" class=\"so-panel widget widget_sow-editor panel-last-child\" data-index=\"3\" data-style=\"{&quot;class&quot;:&quot;featured-widget&quot;,&quot;background_image_attachment&quot;:false,&quot;background_display&quot;:&quot;tile&quot;,&quot;featured_widgets&quot;:&quot;&quot;,&quot;bigger_title&quot;:&quot;&quot;}\" >\n<div class=\"featured-widget panel-widget-style panel-widget-style-for-2016-0-1-1\" >\n<div class=\"so-widget-sow-editor so-widget-sow-editor-base\">\n<h3 class=\"widget-title\"><span class=\"widget-title__inline\">G\u0131da lojisti\u011finde kapsaml\u0131 bilgi birikimi<\/span><\/h3>\n<div class=\"siteorigin-widget-tinymce textwidget\">\n<p><span lang=\"TR\">\u00d6zellikle g\u00fcmr\u00fckleme s\u00fcre\u00e7lerinde i\u015flemlerin h\u0131zl\u0131 bir \u015fekilde ger\u00e7ekle\u015febilmesi i\u00e7in kapsaml\u0131 bir bilgi birikimi gereklidir. So\u011futuculu nakliyeler burada b\u00fcy\u00fck \u00f6nem ta\u015f\u0131r: G\u0131da g\u00fcmr\u00fcklemesi sorunsuz bir \u015fekilde ger\u00e7ekle\u015fmelidir. G\u0131da lojisti\u011fi nakliyecimiz AEO-F sertifikas\u0131na sahiptir ve b\u00f6ylece s\u0131cakl\u0131k denetimli mallar bizim i\u00e7in sorun te\u015fkil etmez. \u0130\u00e7 i\u00e7e ge\u00e7en ve kesintisiz bir tedarik zinciri \u00f6nemlidir ve adoria Freight taraf\u0131ndan sa\u011flanan sa\u011flam temelli dan\u0131\u015fmanl\u0131k ile m\u00fcmk\u00fcn hale gelir. \u0130deal durumda t\u00fcm bile\u015fenler i\u00e7 i\u00e7e ge\u00e7er ve b\u00f6ylece sorunsuz ge\u00e7i\u015fler sa\u011flan\u0131r.<\/span><\/p>\n<\/div>\n<\/div>\n<\/div>\n<\/div>\n<\/div>\n<\/div>\n<div id=\"pg-2016-1\"  class=\"panel-grid panel-no-style\"  data-style=\"{&quot;background_image_attachment&quot;:false,&quot;background_display&quot;:&quot;tile&quot;,&quot;cell_alignment&quot;:&quot;flex-start&quot;}\"  data-ratio=\"1\"  data-ratio-direction=\"right\" >\n<div id=\"pgc-2016-1-0\"  class=\"panel-grid-cell\"  data-weight=\"1\" >\n<div id=\"panel-2016-1-0-0\" class=\"so-panel widget widget_black-studio-tinymce widget_black_studio_tinymce panel-first-child panel-last-child\" data-index=\"4\" data-style=\"{&quot;background_image_attachment&quot;:false,&quot;background_display&quot;:&quot;tile&quot;,&quot;featured_widgets&quot;:&quot;&quot;,&quot;bigger_title&quot;:&quot;&quot;}\" >\n<h3 class=\"widget-title\"><span class=\"widget-title__inline\">G\u0131da ta\u015f\u0131mac\u0131l\u0131k ar\u0131yorum<\/span><\/h3>\n<div class=\"textwidget\">\n<p class=\"p1\">\n<div role=\"form\" class=\"wpcf7\" id=\"wpcf7-f2220-o2\" lang=\"de-DE\" dir=\"ltr\">\n<div class=\"screen-reader-response\"><\/div>\n<form action=\"\/wp-admin\/post.php#wpcf7-f2220-o2\" method=\"post\" class=\"wpcf7-form\" novalidate=\"novalidate\">\n<div style=\"display: none;\">\n<input type=\"hidden\" name=\"_wpcf7\" value=\"2220\" \/><br \/>\n<input type=\"hidden\" name=\"_wpcf7_version\" value=\"5.1.4\" \/><br \/>\n<input type=\"hidden\" name=\"_wpcf7_locale\" value=\"de_DE\" \/><br \/>\n<input type=\"hidden\" name=\"_wpcf7_unit_tag\" value=\"wpcf7-f2220-o2\" \/><br \/>\n<input type=\"hidden\" name=\"_wpcf7_container_post\" value=\"0\" \/>\n<\/div>\n<div class=\"row\">\n<div class=\"col-xs-12  col-md-4\">\n    <span class=\"wpcf7-form-control-wrap your-name\"><input type=\"text\" name=\"your-name\" value=\"\" size=\"40\" class=\"wpcf7-form-control wpcf7-text wpcf7-validates-as-required\" aria-required=\"true\" aria-invalid=\"false\" placeholder=\"Ad\u0131n\u0131z\" \/><\/span>\n  <\/div>\n<div class=\"col-xs-12  col-md-4\">\n    <span class=\"wpcf7-form-control-wrap last-name\"><input type=\"text\" name=\"last-name\" value=\"\" size=\"40\" class=\"wpcf7-form-control wpcf7-text wpcf7-validates-as-required\" aria-required=\"true\" aria-invalid=\"false\" placeholder=\"Soy Ad\u0131n\u0131z\" \/><\/span>\n  <\/div>\n<\/div>\n<div class=\"row\">\n<div class=\"col-xs-12  col-md-4\">\n    <span class=\"wpcf7-form-control-wrap your-email\"><input type=\"email\" name=\"your-email\" value=\"\" size=\"40\" class=\"wpcf7-form-control wpcf7-text wpcf7-email wpcf7-validates-as-required wpcf7-validates-as-email\" aria-required=\"true\" aria-invalid=\"false\" placeholder=\"E-posta adresim\" \/><\/span>\n  <\/div>\n<div class=\"col-xs-12  col-md-4\">\n    <span class=\"wpcf7-form-control-wrap your-phone\"><input type=\"tel\" name=\"your-phone\" value=\"\" size=\"40\" class=\"wpcf7-form-control wpcf7-text wpcf7-tel wpcf7-validates-as-tel\" aria-invalid=\"false\" placeholder=\"Telefon numaram\" \/><\/span>\n  <\/div>\n<\/div>\n<div class=\"row\">\n<div class=\"col-xs-12  col-md-8\"><\/div>\n<div class=\"col-xs-12\">\n    <span class=\"wpcf7-form-control-wrap your-message\"><textarea name=\"your-message\" cols=\"40\" rows=\"10\" class=\"wpcf7-form-control wpcf7-textarea wpcf7-validates-as-required\" aria-required=\"true\" aria-invalid=\"false\" placeholder=\"Mesaj\u0131m: \u00d6rnek Merhaba, g\u0131da ta\u015f\u0131nmas\u0131 gerekiyor....\"><\/textarea><\/span><br \/>\n    <input type=\"submit\" value=\"G\u00d6NDER\" class=\"wpcf7-form-control wpcf7-submit btn btn-primary btn-foodstuffs-contactform\" \/>\n  <\/div>\n<\/div>\n<div class=\"wpcf7-response-output wpcf7-display-none\"><\/div>\n<\/form>\n<\/div>\n<\/div>\n<\/div>\n<\/div>\n<\/div>\n<\/div>\n","protected":false},"excerpt":{"rendered":"<p>Maliyetleri azaltmak ve t\u00fcm olanaklar\u0131 en iyi \u015fekilde kullanmak i\u00e7in kapsaml\u0131 uzmanl\u0131k gereklidir. Yiyecek tecr\u00fcbesi ve g\u00fcmr\u00fck tarifeleri hakk\u0131nda kesin bilgi ve tarife tercihleri ile bunlarla ba\u015fa \u00e7\u0131kmak i\u015finiz i\u00e7in para tasarrufu sa\u011flar. Adoria Freight&#8217;da g\u0131da lojisti\u011fi standartlar\u0131 garanti edilmektedir. G\u0131da pazar\u0131 s\u00fcrekli arzda ya\u015f\u0131yor. Sabit bir tedarik zinciri, \u00fcr\u00fcn\u00fcn do\u011fru yerde, do\u011fru zamanda bulunmas\u0131n\u0131 sa\u011flamak i\u00e7in temel olu\u015fturur. Adoria Freight&#8217;in teknik bilgisinden ve yap\u0131s\u0131ndan \u015fimdi yararlan\u0131n, b\u00f6ylece yiyecekleriniz zaman\u0131nda ve g\u00fcvenilir bir \u015fekilde haz\u0131r olsun!<\/p>\n","protected":false},"author":2,"featured_media":1789,"parent":2006,"menu_order":0,"comment_status":"closed","ping_status":"closed","template":"","meta":{"_acf_changed":false,"footnotes":""},"class_list":["post-2016","page","type-page","status-publish","has-post-thumbnail","hentry"],"acf":[],"_links":{"self":[{"href":"https:\/\/adoriafreight.com\/tr\/wp-json\/wp\/v2\/pages\/2016","targetHints":{"allow":["GET"]}}],"collection":[{"href":"https:\/\/adoriafreight.com\/tr\/wp-json\/wp\/v2\/pages"}],"about":[{"href":"https:\/\/adoriafreight.com\/tr\/wp-json\/wp\/v2\/types\/page"}],"author":[{"embeddable":true,"href":"https:\/\/adoriafreight.com\/tr\/wp-json\/wp\/v2\/users\/2"}],"replies":[{"embeddable":true,"href":"https:\/\/adoriafreight.com\/tr\/wp-json\/wp\/v2\/comments?post=2016"}],"version-history":[{"count":0,"href":"https:\/\/adoriafreight.com\/tr\/wp-json\/wp\/v2\/pages\/2016\/revisions"}],"up":[{"embeddable":true,"href":"https:\/\/adoriafreight.com\/tr\/wp-json\/wp\/v2\/pages\/2006"}],"wp:featuredmedia":[{"embeddable":true,"href":"https:\/\/adoriafreight.com\/tr\/wp-json\/wp\/v2\/media\/1789"}],"wp:attachment":[{"href":"https:\/\/adoriafreight.com\/tr\/wp-json\/wp\/v2\/media?parent=2016"}],"curies":[{"name":"wp","href":"https:\/\/api.w.org\/{rel}","templated":true}]}}