{"id":2026,"date":"2019-06-08T20:18:08","date_gmt":"2019-06-08T18:18:08","guid":{"rendered":"https:\/\/adoriafreight.com\/staging\/lojistik-hizmetleri\/verzollung\/"},"modified":"2019-08-15T22:56:51","modified_gmt":"2019-08-15T20:56:51","slug":"guemruekleme","status":"publish","type":"page","link":"https:\/\/adoriafreight.com\/tr\/lojistik-hizmetleri__trashed\/guemruekleme\/","title":{"rendered":"G\u00fcmr\u00fckleme"},"content":{"rendered":"<div id=\"pl-2026\"  class=\"panel-layout\" >\n<div id=\"pg-2026-0\"  class=\"panel-grid panel-no-style\" >\n<div id=\"pgc-2026-0-0\"  class=\"panel-grid-cell\"  data-weight=\"0.5\" >\n<div id=\"panel-2026-0-0-0\" class=\"so-panel widget widget_sow-editor panel-first-child\" data-index=\"0\" data-style=\"{&quot;background_image_attachment&quot;:false,&quot;background_display&quot;:&quot;tile&quot;,&quot;featured_widgets&quot;:&quot;&quot;,&quot;bigger_title&quot;:&quot;&quot;}\" >\n<div class=\"so-widget-sow-editor so-widget-sow-editor-base\">\n<h3 class=\"widget-title\"><span class=\"widget-title__inline\">Sorunsuz g\u00fcmr\u00fckleme i\u015flemleri<\/span><\/h3>\n<div class=\"siteorigin-widget-tinymce textwidget\">\n<p><span lang=\"TR\">\u0130yi bir i\u015f birli\u011fi kapsam\u0131nda g\u00fcmr\u00fckleme i\u015flemlerimiz sorunsuz bir \u015fekilde ger\u00e7ekle\u015fir. G\u00fcmr\u00fckleme i\u015flemlerinde sekt\u00f6rel uzmanl\u0131k b\u00fcy\u00fck fayda sa\u011flar. \u0130ster ithalat ister ihracat, her t\u00fcrl\u00fc g\u00fcmr\u00fckleme i\u015flemini sizin i\u00e7in \u00fcstleniyoruz. G\u00fcmr\u00fck bildirimlerinden kesintisiz tedarik zincirine ve sorunsuz kap\u0131dan kap\u0131ya teslimata kadar: G\u00fcmr\u00fckleme y\u00f6netiminizde her \u015fey kontrol\u00fcm\u00fcz alt\u0131nda. Neticede mal nakliyesi geni\u015f bir aland\u0131r ve burada yolunu bulmak tecr\u00fcbe ister. Bizim uzmanl\u0131\u011f\u0131m\u0131z size fayda sa\u011flar! M\u00fcmk\u00fcn olan\u0131 t\u00fcm olanaklar\u0131yla birlikte size sunabilmek i\u00e7in geleneksel g\u00fcmr\u00fckleme hizmetini bilgi birikimimizle zenginle\u015ftirdik.<\/span><\/p>\n<\/div>\n<\/div>\n<\/div>\n<div id=\"panel-2026-0-0-1\" class=\"so-panel widget widget_sow-editor panel-last-child\" data-index=\"1\" data-style=\"{&quot;background_image_attachment&quot;:false,&quot;background_display&quot;:&quot;tile&quot;,&quot;featured_widgets&quot;:&quot;&quot;,&quot;bigger_title&quot;:&quot;&quot;}\" >\n<div class=\"so-widget-sow-editor so-widget-sow-editor-base\">\n<h3 class=\"widget-title\"><span class=\"widget-title__inline\">T\u00fcm g\u00fcmr\u00fckleme uygulamalar\u0131 i\u00e7in uzman\u0131n\u0131z<\/span><\/h3>\n<div class=\"siteorigin-widget-tinymce textwidget\">\n\tGeni\u015f kapsaml\u0131 bilgi birikimimiz, g\u00fcmr\u00fckleme konular\u0131ndaki her alan i\u00e7in uzman\u0131n\u0131z olmam\u0131za yard\u0131mc\u0131 oluyor. G\u00fcmr\u00fckleme i\u015flemleriniz i\u00e7in t\u00fcm formaliteler ve ilgili t\u00fcm bilgilerle biz ilgileniyoruz. G\u00fcmr\u00fckleme i\u015flemlerinin sorunsuz ve h\u0131zl\u0131 bir \u015fekilde ger\u00e7ekle\u015fmesi i\u00e7in g\u00fcmr\u00fck daireleriyle sorunsuz bir i\u015f birli\u011fi sa\u011fl\u0131yoruz.<br \/>\nG\u00fcmr\u00fckleme y\u00f6netiminde tam kapsaml\u0131 hizmet! Sizin sorununuz bizim sorunumuz \u2013 bu bizim g\u00fc\u00e7l\u00fc y\u00f6n\u00fcm\u00fcz ve yetkin bir g\u00fcmr\u00fckleme y\u00f6neticisi nakliyeciyle \u00e7al\u0131\u015fmak da sizin avantaj\u0131n\u0131z. \u00c7ok say\u0131da kendilerine ait g\u00fcmr\u00fck antrepolar\u0131na sahip i\u015f birli\u011fi ortaklar\u0131m\u0131z da sizin lehinize: G\u00fcmr\u00fck antrepolar\u0131m\u0131zla ithalat ve ihracat g\u00fcmr\u00fckleme i\u015flemleri art\u0131k sorun de\u011fil. Mal ak\u0131\u015f\u0131n\u0131z\u0131n sorunsuz bir \u015fekilde ilerlemesini sa\u011flayacak \u00e7\u00f6z\u00fcmleri sunuyoruz \u2013 s\u0131n\u0131rlar ve k\u0131talar \u00f6tesine!\n<\/div>\n<\/div>\n<\/div>\n<\/div>\n<div id=\"pgc-2026-0-1\"  class=\"panel-grid-cell\"  data-weight=\"0.5\" >\n<div id=\"panel-2026-0-1-0\" class=\"so-panel widget widget_sow-editor panel-first-child\" data-index=\"2\" data-style=\"{&quot;background_image_attachment&quot;:false,&quot;background_display&quot;:&quot;tile&quot;,&quot;featured_widgets&quot;:&quot;&quot;,&quot;bigger_title&quot;:&quot;&quot;}\" >\n<div class=\"so-widget-sow-editor so-widget-sow-editor-base\">\n<div class=\"siteorigin-widget-tinymce textwidget\">\n\t<img fetchpriority=\"high\" decoding=\"async\" class=\"alignnone wp-image-668 size-full\" src=\"https:\/\/adoriafreight.com\/wp-content\/uploads\/2015\/04\/34-1.jpg\" alt=\"\" width=\"848\" height=\"480\" srcset=\"https:\/\/adoriafreight.com\/wp-content\/uploads\/2015\/04\/34-1.jpg 848w, https:\/\/adoriafreight.com\/wp-content\/uploads\/2015\/04\/34-1-300x170.jpg 300w, https:\/\/adoriafreight.com\/wp-content\/uploads\/2015\/04\/34-1-768x435.jpg 768w, https:\/\/adoriafreight.com\/wp-content\/uploads\/2015\/04\/34-1-360x204.jpg 360w, https:\/\/adoriafreight.com\/wp-content\/uploads\/2015\/04\/34-1-600x340.jpg 600w\" sizes=\"(max-width: 848px) 100vw, 848px\" \/><\/p>\n<p><img decoding=\"async\" class=\"alignnone wp-image-931 size-full\" src=\"https:\/\/adoriafreight.com\/wp-content\/uploads\/2019\/05\/Verzollung.jpg\" alt=\"\" width=\"848\" height=\"282\" srcset=\"https:\/\/adoriafreight.com\/wp-content\/uploads\/2019\/05\/Verzollung.jpg 848w, https:\/\/adoriafreight.com\/wp-content\/uploads\/2019\/05\/Verzollung-300x100.jpg 300w, https:\/\/adoriafreight.com\/wp-content\/uploads\/2019\/05\/Verzollung-768x256.jpg 768w\" sizes=\"(max-width: 848px) 100vw, 848px\" \/><\/p>\n<\/div>\n<\/div>\n<\/div>\n<div id=\"panel-2026-0-1-1\" class=\"so-panel widget widget_sow-editor panel-last-child\" data-index=\"3\" data-style=\"{&quot;class&quot;:&quot;featured-widget&quot;,&quot;background_image_attachment&quot;:false,&quot;background_display&quot;:&quot;tile&quot;,&quot;featured_widgets&quot;:&quot;&quot;,&quot;bigger_title&quot;:&quot;&quot;}\" >\n<div class=\"featured-widget panel-widget-style panel-widget-style-for-2026-0-1-1\" >\n<div class=\"so-widget-sow-editor so-widget-sow-editor-base\">\n<h3 class=\"widget-title\"><span class=\"widget-title__inline\">G\u00fcmr\u00fck s\u00fcre\u00e7leriniz iyi ellerde<\/span><\/h3>\n<div class=\"siteorigin-widget-tinymce textwidget\">\n<p><span lang=\"TR\">\u0130yi i\u015fleyen g\u00fcmr\u00fckleme i\u015flemleri i\u00e7in g\u00fcmr\u00fckleme yapabilen bir nakliyeci avantajd\u0131r, \u00e7\u00fcnk\u00fc \u00e7ok say\u0131da y\u00f6netmeli\u011fin oldu\u011fu karma\u015f\u0131k alanlarda, \u00f6rn. g\u0131da g\u00fcmr\u00fcklemesinde tecr\u00fcbeli bir ortak gerekir. Adoria Freight sizin i\u00e7in s\u00fcre\u00e7 optimizasyonu amac\u0131yla \u00f6zel y\u00f6ntemler ve \u015firketinize \u00f6zel \u00e7\u00f6z\u00fcmler geli\u015ftirir. Uygulamay\u0131 nas\u0131l yapaca\u011f\u0131m\u0131za daha sonra sizinle birlikte karar veriyoruz, b\u00f6ylece ithalat da ihracat kadar sorunsuz bir \u015fekilde ger\u00e7ekle\u015fir. Optimal g\u00fcmr\u00fckleme i\u015flemleri y\u00f6netimi i\u00e7in yenilik\u00e7i \u00e7\u00f6z\u00fcm yakla\u015f\u0131mlar\u0131 \u00fczerinde \u00e7al\u0131\u015f\u0131yoruz.<\/span><\/p>\n<\/div>\n<\/div>\n<\/div>\n<\/div>\n<\/div>\n<\/div>\n<div id=\"pg-2026-1\"  class=\"panel-grid panel-no-style\"  data-style=\"{&quot;background_image_attachment&quot;:false,&quot;background_display&quot;:&quot;tile&quot;,&quot;cell_alignment&quot;:&quot;flex-start&quot;}\"  data-ratio=\"1\"  data-ratio-direction=\"right\" >\n<div id=\"pgc-2026-1-0\"  class=\"panel-grid-cell\"  data-weight=\"1\" >\n<div id=\"panel-2026-1-0-0\" class=\"so-panel widget widget_sow-editor panel-first-child panel-last-child\" data-index=\"4\" data-style=\"{&quot;background_image_attachment&quot;:false,&quot;background_display&quot;:&quot;tile&quot;,&quot;featured_widgets&quot;:&quot;&quot;,&quot;bigger_title&quot;:&quot;&quot;}\" >\n<div class=\"so-widget-sow-editor so-widget-sow-editor-base\">\n<h3 class=\"widget-title\"><span class=\"widget-title__inline\">Bir \u015fey g\u00fcmr\u00fcklemek istiyorum<\/span><\/h3>\n<div class=\"siteorigin-widget-tinymce textwidget\">\n\t\n<div class=\"wpcf7 no-js\" id=\"wpcf7-f2223-o1\" lang=\"tr-TR\" dir=\"ltr\" data-wpcf7-id=\"2223\">\n<div class=\"screen-reader-response\"><p role=\"status\" aria-live=\"polite\" aria-atomic=\"true\"><\/p> <ul><\/ul><\/div>\n<form action=\"\/tr\/wp-json\/wp\/v2\/pages\/2026#wpcf7-f2223-o1\" method=\"post\" class=\"wpcf7-form init\" aria-label=\"\u0130leti\u015fim Formu\" novalidate=\"novalidate\" data-status=\"init\">\n<fieldset class=\"hidden-fields-container\"><input type=\"hidden\" name=\"_wpcf7\" value=\"2223\" \/><input type=\"hidden\" name=\"_wpcf7_version\" value=\"6.1.5\" \/><input type=\"hidden\" name=\"_wpcf7_locale\" value=\"tr_TR\" \/><input type=\"hidden\" name=\"_wpcf7_unit_tag\" value=\"wpcf7-f2223-o1\" \/><input type=\"hidden\" name=\"_wpcf7_container_post\" value=\"0\" \/><input type=\"hidden\" name=\"_wpcf7_posted_data_hash\" value=\"\" \/>\n<\/fieldset>\n<div class=\"row\">\n\t<div class=\"col-xs-12  col-md-4\">\n\t\t<p><span class=\"wpcf7-form-control-wrap\" data-name=\"your-name\"><input size=\"40\" maxlength=\"400\" class=\"wpcf7-form-control wpcf7-text wpcf7-validates-as-required\" aria-required=\"true\" aria-invalid=\"false\" placeholder=\"Ad\u0131n\u0131z\" value=\"\" type=\"text\" name=\"your-name\" \/><\/span>\n\t\t<\/p>\n\t<\/div>\n\t<div class=\"col-xs-12  col-md-4\">\n\t\t<p><span class=\"wpcf7-form-control-wrap\" data-name=\"last-name\"><input size=\"40\" maxlength=\"400\" class=\"wpcf7-form-control wpcf7-text wpcf7-validates-as-required\" aria-required=\"true\" aria-invalid=\"false\" placeholder=\"Soy Ad\u0131n\u0131z\" value=\"\" type=\"text\" name=\"last-name\" \/><\/span>\n\t\t<\/p>\n\t<\/div>\n<\/div>\n<div class=\"row\">\n\t<div class=\"col-xs-12  col-md-4\">\n\t\t<p><span class=\"wpcf7-form-control-wrap\" data-name=\"your-email\"><input size=\"40\" maxlength=\"400\" class=\"wpcf7-form-control wpcf7-email wpcf7-validates-as-required wpcf7-text wpcf7-validates-as-email\" aria-required=\"true\" aria-invalid=\"false\" placeholder=\"E-posta adresim\" value=\"\" type=\"email\" name=\"your-email\" \/><\/span>\n\t\t<\/p>\n\t<\/div>\n\t<div class=\"col-xs-12  col-md-4\">\n\t\t<p><span class=\"wpcf7-form-control-wrap\" data-name=\"your-phone\"><input size=\"40\" maxlength=\"400\" class=\"wpcf7-form-control wpcf7-tel wpcf7-text wpcf7-validates-as-tel\" aria-invalid=\"false\" placeholder=\"Telefon numaram\" value=\"\" type=\"tel\" name=\"your-phone\" \/><\/span>\n\t\t<\/p>\n\t<\/div>\n<\/div>\n<div class=\"row\">\n\t<div class=\"col-xs-12  col-md-8\">\n\t\t<p>[text* your-subject placeholder \"Konu: \u00d6rnek G\u00fcmr\u00fckleme]\n\t\t<\/p>\n\t<\/div>\n\t<div class=\"col-xs-12\">\n\t\t<p><span class=\"wpcf7-form-control-wrap\" data-name=\"your-message\"><textarea cols=\"40\" rows=\"10\" maxlength=\"2000\" class=\"wpcf7-form-control wpcf7-textarea wpcf7-validates-as-required\" aria-required=\"true\" aria-invalid=\"false\" placeholder=\"Mesaj\u0131m: \u00d6rnek Merhaba, bir \u015fey g\u00fcmr\u00fcklemek istiyorum.\" name=\"your-message\"><\/textarea><\/span><br \/>\n<input class=\"wpcf7-form-control wpcf7-submit has-spinner btn btn-primary btn-customs-contactform\" type=\"submit\" value=\"G\u00d6NDER\" \/>\n\t\t<\/p>\n\t<\/div>\n<\/div><div class=\"wpcf7-response-output\" aria-hidden=\"true\"><\/div>\n<\/form>\n<\/div>\n<\/div>\n<\/div>\n<\/div>\n<\/div>\n<\/div>\n<\/div>\n","protected":false},"excerpt":{"rendered":"<p>\u0130yi i\u015fleyen bir g\u00fcmr\u00fckleme i\u00e7in, bir g\u00fcmr\u00fckleme ileticisi avantajl\u0131d\u0131r, \u00e7\u00fcnk\u00fc bir\u00e7ok y\u00f6netmeli\u011fe sahip karma\u015f\u0131k alanlarda. G\u0131da g\u00fcmr\u00fck i\u015flemlerinde oldu\u011fu gibi deneyimli bir ortak gereklidir. Adoria Freight, proses optimizasyonu i\u00e7in \u00f6zel prosesler ve bireysel \u00e7\u00f6z\u00fcmler geli\u015ftiriyor. Yapt\u0131\u011f\u0131m\u0131z gibi, ithalat\u0131 ihracat kadar yumu\u015fak yapmaya karar verdik. Optimum g\u00fcmr\u00fckleme y\u00f6netimi i\u00e7in yenilik\u00e7i \u00e7\u00f6z\u00fcmler \u00fczerinde birlikte \u00e7al\u0131\u015f\u0131yoruz.<\/p>\n","protected":false},"author":2,"featured_media":1705,"parent":2006,"menu_order":0,"comment_status":"closed","ping_status":"closed","template":"","meta":{"_acf_changed":false,"footnotes":""},"class_list":["post-2026","page","type-page","status-publish","has-post-thumbnail","hentry"],"acf":[],"_links":{"self":[{"href":"https:\/\/adoriafreight.com\/tr\/wp-json\/wp\/v2\/pages\/2026","targetHints":{"allow":["GET"]}}],"collection":[{"href":"https:\/\/adoriafreight.com\/tr\/wp-json\/wp\/v2\/pages"}],"about":[{"href":"https:\/\/adoriafreight.com\/tr\/wp-json\/wp\/v2\/types\/page"}],"author":[{"embeddable":true,"href":"https:\/\/adoriafreight.com\/tr\/wp-json\/wp\/v2\/users\/2"}],"replies":[{"embeddable":true,"href":"https:\/\/adoriafreight.com\/tr\/wp-json\/wp\/v2\/comments?post=2026"}],"version-history":[{"count":0,"href":"https:\/\/adoriafreight.com\/tr\/wp-json\/wp\/v2\/pages\/2026\/revisions"}],"up":[{"embeddable":true,"href":"https:\/\/adoriafreight.com\/tr\/wp-json\/wp\/v2\/pages\/2006"}],"wp:featuredmedia":[{"embeddable":true,"href":"https:\/\/adoriafreight.com\/tr\/wp-json\/wp\/v2\/media\/1705"}],"wp:attachment":[{"href":"https:\/\/adoriafreight.com\/tr\/wp-json\/wp\/v2\/media?parent=2026"}],"curies":[{"name":"wp","href":"https:\/\/api.w.org\/{rel}","templated":true}]}}