{"id":2048,"date":"2015-05-04T07:30:41","date_gmt":"2015-05-04T07:30:41","guid":{"rendered":"https:\/\/adoriafreight.com\/staging\/kontakt\/"},"modified":"2019-08-15T23:00:23","modified_gmt":"2019-08-15T21:00:23","slug":"iletisim","status":"publish","type":"page","link":"https:\/\/adoriafreight.com\/tr\/iletisim\/","title":{"rendered":"\u0130leti\u015fim"},"content":{"rendered":"<div id=\"pl-2048\"  class=\"panel-layout\" >\n<div id=\"pg-2048-0\"  class=\"panel-grid panel-no-style\"  data-style=\"{&quot;background_image_attachment&quot;:false,&quot;background_display&quot;:&quot;tile&quot;,&quot;cell_alignment&quot;:&quot;flex-start&quot;}\" >\n<div id=\"pgc-2048-0-0\"  class=\"panel-grid-cell\"  data-weight=\"0.25020815986678\" >\n<div id=\"panel-2048-0-0-0\" class=\"so-panel widget widget_black-studio-tinymce widget_black_studio_tinymce panel-first-child panel-last-child\" data-index=\"0\" data-style=\"{&quot;class&quot;:&quot;sidebar-contact&quot;,&quot;background_image_attachment&quot;:false,&quot;background_display&quot;:&quot;tile&quot;,&quot;featured_widgets&quot;:true,&quot;bigger_title&quot;:&quot;&quot;}\" >\n<div class=\"sidebar-contact featured-widget panel-widget-style panel-widget-style-for-2048-0-0-0\" >\n<h3 class=\"widget-title\"><span class=\"widget-title__inline\">KLAS\u0130K \u0130LET\u0130\u015eIM<\/span><\/h3>\n<div class=\"textwidget\"><strong>Adoria Freight GmbH<\/strong><br \/>\nHamburger Stra\u00dfe 180<br \/>\n22083 Hamburg<\/p>\n<p><a class=\"icon-box\" href=\"tel:+494066907940\" target=\"_self\" rel=\"noopener noreferrer\"><span class=\"icon-box__subtitle\">+49 40 669 079 40<\/span><\/a><br \/>\n<a href=\"mailto:info@adoriafreight.com\">info@adoriafreight.com<\/a><\/div>\n<\/div>\n<\/div>\n<\/div>\n<div id=\"pgc-2048-0-1\"  class=\"panel-grid-cell\"  data-weight=\"0.74979184013322\" >\n<div id=\"panel-2048-0-1-0\" class=\"so-panel widget widget_black-studio-tinymce widget_black_studio_tinymce panel-first-child panel-last-child\" data-index=\"1\" data-style=\"{&quot;background_image_attachment&quot;:false,&quot;background_display&quot;:&quot;tile&quot;,&quot;featured_widgets&quot;:&quot;&quot;,&quot;bigger_title&quot;:&quot;&quot;}\" >\n<h3 class=\"widget-title\"><span class=\"widget-title__inline\">B\u0130ZE B\u0130R E-POSTA G\u00d6NDERIN. VEYA \u00dc\u00c7.<\/span><\/h3>\n<div class=\"textwidget\">Nakliye ta\u015f\u0131mac\u0131l\u0131\u011f\u0131 ve lojistik, g\u0131da ta\u015f\u0131mac\u0131l\u0131\u011f\u0131, g\u00fcmr\u00fckleme, hava ta\u015f\u0131mac\u0131l\u0131\u011f\u0131, deniz ta\u015f\u0131mac\u0131l\u0131\u011f\u0131 ve depolama konular\u0131nda size bilgi vermekten memnuniyet duyar\u0131z.<\/p>\n<div role=\"form\" class=\"wpcf7\" id=\"wpcf7-f2101-o2\" lang=\"de-DE\" dir=\"ltr\">\n<div class=\"screen-reader-response\"><\/div>\n<form action=\"\/wp-admin\/post.php#wpcf7-f2101-o2\" method=\"post\" class=\"wpcf7-form\" novalidate=\"novalidate\">\n<div style=\"display: none;\">\n<input type=\"hidden\" name=\"_wpcf7\" value=\"2101\" \/><br \/>\n<input type=\"hidden\" name=\"_wpcf7_version\" value=\"5.1.4\" \/><br \/>\n<input type=\"hidden\" name=\"_wpcf7_locale\" value=\"de_DE\" \/><br \/>\n<input type=\"hidden\" name=\"_wpcf7_unit_tag\" value=\"wpcf7-f2101-o2\" \/><br \/>\n<input type=\"hidden\" name=\"_wpcf7_container_post\" value=\"0\" \/>\n<\/div>\n<div class=\"row\">\n<div class=\"col-xs-12  col-md-4\">\n    <span class=\"wpcf7-form-control-wrap your-name\"><input type=\"text\" name=\"your-name\" value=\"\" size=\"40\" class=\"wpcf7-form-control wpcf7-text wpcf7-validates-as-required\" aria-required=\"true\" aria-invalid=\"false\" placeholder=\"Ad\u0131n\u0131z\" \/><\/span>\n  <\/div>\n<div class=\"col-xs-12  col-md-4\">\n    <span class=\"wpcf7-form-control-wrap last-name\"><input type=\"text\" name=\"last-name\" value=\"\" size=\"40\" class=\"wpcf7-form-control wpcf7-text wpcf7-validates-as-required\" aria-required=\"true\" aria-invalid=\"false\" placeholder=\"Soy Ad\u0131n\u0131z\" \/><\/span>\n  <\/div>\n<\/div>\n<div class=\"row\">\n<div class=\"col-xs-12  col-md-4\">\n    <span class=\"wpcf7-form-control-wrap your-email\"><input type=\"email\" name=\"your-email\" value=\"\" size=\"40\" class=\"wpcf7-form-control wpcf7-text wpcf7-email wpcf7-validates-as-required wpcf7-validates-as-email\" aria-required=\"true\" aria-invalid=\"false\" placeholder=\"E-posta adresim\" \/><\/span>\n  <\/div>\n<div class=\"col-xs-12  col-md-4\">\n    <span class=\"wpcf7-form-control-wrap your-phone\"><input type=\"tel\" name=\"your-phone\" value=\"\" size=\"40\" class=\"wpcf7-form-control wpcf7-text wpcf7-tel wpcf7-validates-as-tel\" aria-invalid=\"false\" placeholder=\"Telefon numaram\" \/><\/span>\n  <\/div>\n<\/div>\n<div class=\"row\">\n<div class=\"col-xs-12  col-md-8\">\n    <span class=\"wpcf7-form-control-wrap your-subject\"><input type=\"text\" name=\"your-subject\" value=\"\" size=\"40\" class=\"wpcf7-form-control wpcf7-text wpcf7-validates-as-required\" aria-required=\"true\" aria-invalid=\"false\" placeholder=\"Konu: \u00d6rnek Nakliye talebi\" \/><\/span>\n  <\/div>\n<div class=\"col-xs-12\">\n    <span class=\"wpcf7-form-control-wrap your-message\"><textarea name=\"your-message\" cols=\"40\" rows=\"10\" class=\"wpcf7-form-control wpcf7-textarea wpcf7-validates-as-required\" aria-required=\"true\" aria-invalid=\"false\" placeholder=\"Mesaj\u0131m: \u00d6rnek Merhaba, benim navlun var ...\"><\/textarea><\/span><br \/>\n    <input type=\"submit\" value=\"G\u00d6NDER\" class=\"wpcf7-form-control wpcf7-submit btn btn-primary btn-contactform\" \/>\n  <\/div>\n<\/div>\n<div class=\"wpcf7-response-output wpcf7-display-none\"><\/div>\n<\/form>\n<\/div>\n<\/div>\n<\/div>\n<\/div>\n<\/div>\n<\/div>\n","protected":false},"excerpt":{"rendered":"<p>KLAS\u0130K \u0130LET\u0130\u015eIM Adoria Freight GmbH Hamburger Stra\u00dfe 180 22083 Hamburg +49 40 669 079 40 info@adoriafreight.com B\u0130ZE B\u0130R E-POSTA G\u00d6NDERIN. VEYA \u00dc\u00c7. Nakliye ta\u015f\u0131mac\u0131l\u0131\u011f\u0131 ve lojistik, g\u0131da ta\u015f\u0131mac\u0131l\u0131\u011f\u0131, g\u00fcmr\u00fckleme, hava ta\u015f\u0131mac\u0131l\u0131\u011f\u0131, deniz ta\u015f\u0131mac\u0131l\u0131\u011f\u0131 ve depolama konular\u0131nda size bilgi vermekten memnuniyet duyar\u0131z.<\/p>\n","protected":false},"author":2,"featured_media":0,"parent":0,"menu_order":0,"comment_status":"closed","ping_status":"open","template":"","meta":{"_acf_changed":false,"footnotes":""},"class_list":["post-2048","page","type-page","status-publish","hentry"],"acf":[],"_links":{"self":[{"href":"https:\/\/adoriafreight.com\/tr\/wp-json\/wp\/v2\/pages\/2048","targetHints":{"allow":["GET"]}}],"collection":[{"href":"https:\/\/adoriafreight.com\/tr\/wp-json\/wp\/v2\/pages"}],"about":[{"href":"https:\/\/adoriafreight.com\/tr\/wp-json\/wp\/v2\/types\/page"}],"author":[{"embeddable":true,"href":"https:\/\/adoriafreight.com\/tr\/wp-json\/wp\/v2\/users\/2"}],"replies":[{"embeddable":true,"href":"https:\/\/adoriafreight.com\/tr\/wp-json\/wp\/v2\/comments?post=2048"}],"version-history":[{"count":0,"href":"https:\/\/adoriafreight.com\/tr\/wp-json\/wp\/v2\/pages\/2048\/revisions"}],"wp:attachment":[{"href":"https:\/\/adoriafreight.com\/tr\/wp-json\/wp\/v2\/media?parent=2048"}],"curies":[{"name":"wp","href":"https:\/\/api.w.org\/{rel}","templated":true}]}}