{"id":2055,"date":"2019-05-22T20:10:05","date_gmt":"2019-05-22T18:10:05","guid":{"rendered":"https:\/\/adoriafreight.com\/staging\/impressum\/"},"modified":"2019-08-15T23:00:56","modified_gmt":"2019-08-15T21:00:56","slug":"bilgi-toplumu-hizmetleri","status":"publish","type":"page","link":"https:\/\/adoriafreight.com\/tr\/bilgi-toplumu-hizmetleri\/","title":{"rendered":"Bilgi Toplumu Hizmetleri"},"content":{"rendered":"<div class=\"impressum\">\n<p>\u00a7 5 TMG&#8217;ye g\u00f6re bilgiler<\/p>\n<p>Adoria Freight GmbH<br \/>\nHamburger Str. 180<br \/>\n22083 Hamburg<\/p>\n<p><strong>Taraf\u0131ndan temsil edilen: <\/strong><br \/>\nYusuf Elitemiz<\/p>\n<p><strong>Birle\u015fme: <\/strong><br \/>\nTicaret siciline giri\u015f.<br \/>\nKay\u0131t mahkemesi: Hamburg<br \/>\nKay\u0131t numaras\u0131: 155939<\/p>\n<p><strong>Vergi numaras\u0131: <\/strong><br \/>\n\u00a727a sat\u0131\u015f vergi yasas\u0131na g\u00f6re sat\u0131\u015f vergisi kimlik numaras\u0131: DE322578918<\/p>\n<p><strong>Feragat: <\/strong><\/p>\n<p><strong>\u0130\u00e7erik sorumlulu\u011fu<\/strong><\/p>\n<p>Sayfalar\u0131m\u0131z\u0131n i\u00e7eri\u011fi \u00f6zenle haz\u0131rlanm\u0131\u015ft\u0131r. Bununla birlikte, i\u00e7eri\u011fin do\u011frulu\u011fu, eksiksizli\u011fi ve zaman\u0131nda olmas\u0131 i\u00e7in garanti edemeyiz. Bir servis sa\u011flay\u0131c\u0131 olarak, genel yasalara g\u00f6re bu taraflardaki kendi i\u00e7eriklerinden \u00a7 7 Abs.1 TMG uyar\u0131nca sorumluyuz. Ancak \u00a7\u00a7 8 ila 10 TMG&#8217;ye g\u00f6re, bir hizmet sa\u011flay\u0131c\u0131 olarak iletilen veya saklanan \u00fc\u00e7\u00fcnc\u00fc taraf bilgilerini izlemek veya yasa d\u0131\u015f\u0131 bir faaliyet g\u00f6steren durumlar\u0131 ara\u015ft\u0131rmak zorunda de\u011filiz. Genel yasa uyar\u0131nca bilgilerin kullan\u0131m\u0131n\u0131n kald\u0131r\u0131lmas\u0131 veya engellenmesi y\u00fck\u00fcml\u00fcl\u00fc\u011f\u00fc etkilenmedi. Bununla birlikte, bu konuda sorumluluk ancak belirli bir ihlal bilgisi oldu\u011fu anda m\u00fcmk\u00fcnd\u00fcr. Uygun ihlallerin bildirilmesi \u00fczerine bu i\u00e7eri\u011fi derhal kald\u0131raca\u011f\u0131z.<\/p>\n<p><strong>Ba\u011flant\u0131lar\u0131n sorumlulu\u011fu<\/strong><\/p>\n<p>Teklifimiz, i\u00e7eri\u011fini etkilemedi\u011fimiz \u00fc\u00e7\u00fcnc\u00fc taraflar\u0131n harici web sitelerine ba\u011flant\u0131lar i\u00e7ermektedir. Bu nedenle, bu harici i\u00e7erikler i\u00e7in herhangi bir sorumluluk kabul edemiyoruz. Ba\u011flant\u0131l\u0131 sayfalar\u0131n i\u00e7eri\u011fi her zaman sayfalar\u0131n sa\u011flay\u0131c\u0131s\u0131n\u0131n veya operat\u00f6r\u00fcn\u00fcn sorumlulu\u011fundad\u0131r. Ba\u011flant\u0131l\u0131 sayfalar, ba\u011flant\u0131 an\u0131nda olas\u0131 yasal ihlaller a\u00e7\u0131s\u0131ndan kontrol edildi. Ba\u011flant\u0131 s\u0131ras\u0131nda yasad\u0131\u015f\u0131 i\u00e7erikler tan\u0131nm\u0131yordu. Ancak, ba\u011flant\u0131l\u0131 sayfalar\u0131n kal\u0131c\u0131 bir i\u00e7erik kontrol\u00fc, yasalar\u0131n ihlal edildi\u011fine dair somut kan\u0131tlar olmadan makul de\u011fildir. \u0130hlallerin bildirilmesi \u00fczerine bu ba\u011flant\u0131lar\u0131 derhal kald\u0131raca\u011f\u0131z.<\/p>\n<p><strong>Telif hakk\u0131<\/strong><\/p>\n<p>Site operat\u00f6rleri taraf\u0131ndan olu\u015fturulan bu sayfalardaki i\u00e7erik ve eserler, Alman telif haklar\u0131na tabidir. Kopyalama, i\u015fleme, da\u011f\u0131t\u0131m ve telif hakk\u0131 s\u0131n\u0131rlar\u0131 d\u0131\u015f\u0131ndaki her t\u00fcrl\u00fc s\u00f6m\u00fcr\u00fc, ilgili yazar\u0131n veya yarat\u0131c\u0131n\u0131n yaz\u0131l\u0131 onay\u0131n\u0131 gerektirir. Bu sitenin indirilmesi ve kopyalanmas\u0131 sadece ticari ama\u00e7l\u0131, \u00f6zel kullan\u0131m i\u00e7indir. Bu taraftaki i\u00e7erik operat\u00f6r taraf\u0131ndan yarat\u0131lmad\u0131\u011f\u0131 s\u00fcrece, \u00fc\u00e7\u00fcnc\u00fc taraflar\u0131n telif haklar\u0131 dikkate al\u0131n\u0131r. \u00d6zellikle, \u00fc\u00e7\u00fcnc\u00fc taraf i\u00e7eri\u011fi bu \u015fekilde tan\u0131mlanmaktad\u0131r. Hala bir telif hakk\u0131 ihlalinden haberdar olman\u0131z durumunda, not alman\u0131z\u0131 rica ederiz. \u0130hlal bildirimi \u00fczerine hemen bu t\u00fcr i\u00e7erikleri kald\u0131raca\u011f\u0131z.<\/p>\n<p><strong>Gizlilik Politikas\u0131<\/strong><\/p>\n<p>Web sitemizin kullan\u0131m\u0131 genellikle ki\u015fisel veriler olmadan m\u00fcmk\u00fcnd\u00fcr. Taraf\u0131m\u0131za gelince, ki\u015fisel veriler (\u00f6rne\u011fin ad, adres veya e-posta adresleri) y\u00fckseltilir, bu m\u00fcmk\u00fcn oldu\u011funca, her zaman freiwilliger temelinde ger\u00e7ekle\u015fir. Bu veriler, sizin a\u00e7\u0131k onay\u0131n\u0131z olmadan \u00fc\u00e7\u00fcnc\u00fc \u015fah\u0131slara if\u015fa edilmeyecektir.<br \/>\n\u0130nternet \u00fczerinden veri iletiminin (\u00f6rne\u011fin, e-posta ile ileti\u015fim kurarken) g\u00fcvenlik a\u00e7\u0131klar\u0131 olabilece\u011fini l\u00fctfen unutmay\u0131n. Verilerin \u00fc\u00e7\u00fcnc\u00fc \u015fah\u0131slar\u0131n eri\u015fiminden tamamen korunmas\u0131 m\u00fcmk\u00fcn de\u011fildir.<br \/>\n\u0130stenmeyen reklam ve bilgi materyallerinin g\u00f6nderilmesi amac\u0131yla \u00fc\u00e7\u00fcnc\u00fc \u015fah\u0131slar taraf\u0131ndan yay\u0131nlanan ileti\u015fim bilgilerinin kullan\u0131lmas\u0131 a\u00e7\u0131k\u00e7a d\u0131\u015flanm\u0131\u015ft\u0131r. Sayfalar\u0131n operat\u00f6rleri, istenmeyen e-postalar gibi istenmeyen reklam bilgilerinin g\u00f6nderilmesi durumunda yasal i\u015flem yapma hakk\u0131n\u0131 sakl\u0131 tutar.<\/p>\n<p><strong>Google Analytics<\/strong><\/p>\n<p>Bu web sitesi, Google Inc. (&#8221; Google &#8221;) taraf\u0131ndan sa\u011flanan bir web analiz hizmeti olan Google Analytics&#8217;i kullan\u0131r. Google Analytics, \u201c\u00e7erezler\u201d olarak adland\u0131r\u0131lan ve bilgisayar\u0131n\u0131zda depolanan ve web sitesini kullan\u0131m\u0131n\u0131z\u0131n analizini sa\u011flayan metin dosyalar\u0131n\u0131 kullan\u0131r. Bu web sitesini kullanman\u0131zla ilgili \u00e7erez taraf\u0131ndan olu\u015fturulan bilgiler (IP adresiniz dahil) Google taraf\u0131ndan Amerika Birle\u015fik Devletleri&#8217;ndeki sunucularda iletilir ve saklan\u0131r. Google, bu bilgileri, web sitesini kullan\u0131m\u0131n\u0131z\u0131 de\u011ferlendirmek, web sitesi i\u015fletmecilerinin web sitesi etkinli\u011fi hakk\u0131nda raporlar haz\u0131rlamak ve web sitesi etkinli\u011fi ve internet kullan\u0131m\u0131yla ilgili di\u011fer hizmetleri sa\u011flamak i\u00e7in kullanacakt\u0131r. Google, bu bilgileri yasalarca gerekli olmas\u0131 halinde veya \u00fc\u00e7\u00fcnc\u00fc taraflar\u0131n Google ad\u0131na bu verileri i\u015fleme koymas\u0131 durumunda \u00fc\u00e7\u00fcnc\u00fc taraflara da aktarabilir. Google hi\u00e7bir durumda IP adresinizi di\u011fer Google verileri ile ili\u015fkilendirmeyecektir. Taray\u0131c\u0131 yaz\u0131l\u0131m\u0131n\u0131z\u0131 buna g\u00f6re ayarlayarak \u00e7erezlerin y\u00fcklenmesini \u00f6nleyebilirsiniz; Ancak, bunu yaparsan\u0131z, bu web sitesinin tam i\u015flevselli\u011fini kullanamayabilece\u011finizi l\u00fctfen unutmay\u0131n. Bu web sitesini kullanarak, hakk\u0131n\u0131zdaki verilerin Google taraf\u0131ndan yukar\u0131da belirtilen \u015fekilde i\u015fleme al\u0131nmas\u0131na izin vermi\u015f say\u0131l\u0131rs\u0131n\u0131z.<\/p>\n<\/div>\n","protected":false},"excerpt":{"rendered":"<p>\u00a7 5 TMG&#8217;ye g\u00f6re bilgiler Adoria Freight GmbH Hamburger Str. 180 22083 Hamburg Taraf\u0131ndan temsil edilen: Yusuf Elitemiz Birle\u015fme: Ticaret siciline giri\u015f. Kay\u0131t mahkemesi: Hamburg Kay\u0131t numaras\u0131: 155939 Vergi numaras\u0131: \u00a727a sat\u0131\u015f vergi yasas\u0131na g\u00f6re sat\u0131\u015f vergisi kimlik numaras\u0131: DE322578918 Feragat: \u0130\u00e7erik sorumlulu\u011fu Sayfalar\u0131m\u0131z\u0131n i\u00e7eri\u011fi \u00f6zenle haz\u0131rlanm\u0131\u015ft\u0131r. Bununla birlikte, i\u00e7eri\u011fin do\u011frulu\u011fu, eksiksizli\u011fi ve zaman\u0131nda olmas\u0131 [&hellip;]<\/p>\n","protected":false},"author":2,"featured_media":0,"parent":0,"menu_order":0,"comment_status":"closed","ping_status":"closed","template":"","meta":{"_acf_changed":false,"footnotes":""},"class_list":["post-2055","page","type-page","status-publish","hentry"],"acf":[],"_links":{"self":[{"href":"https:\/\/adoriafreight.com\/tr\/wp-json\/wp\/v2\/pages\/2055","targetHints":{"allow":["GET"]}}],"collection":[{"href":"https:\/\/adoriafreight.com\/tr\/wp-json\/wp\/v2\/pages"}],"about":[{"href":"https:\/\/adoriafreight.com\/tr\/wp-json\/wp\/v2\/types\/page"}],"author":[{"embeddable":true,"href":"https:\/\/adoriafreight.com\/tr\/wp-json\/wp\/v2\/users\/2"}],"replies":[{"embeddable":true,"href":"https:\/\/adoriafreight.com\/tr\/wp-json\/wp\/v2\/comments?post=2055"}],"version-history":[{"count":0,"href":"https:\/\/adoriafreight.com\/tr\/wp-json\/wp\/v2\/pages\/2055\/revisions"}],"wp:attachment":[{"href":"https:\/\/adoriafreight.com\/tr\/wp-json\/wp\/v2\/media?parent=2055"}],"curies":[{"name":"wp","href":"https:\/\/api.w.org\/{rel}","templated":true}]}}