{"id":2065,"date":"2019-05-25T10:11:42","date_gmt":"2019-05-25T08:11:42","guid":{"rendered":"https:\/\/adoriafreight.com\/staging\/datenschutz\/"},"modified":"2020-06-16T01:11:07","modified_gmt":"2020-06-15T23:11:07","slug":"gizlilik-politikasi","status":"publish","type":"page","link":"https:\/\/adoriafreight.com\/tr\/gizlilik-politikasi\/","title":{"rendered":"Kullanim ve Gizlilik S\u00f6zle\u015fmesi"},"content":{"rendered":"\n<h2 class=\"wp-block-heading\">Biz kimiz<\/h2>\n\n\n\n<p>Web sitemizin adresi: https:\/\/adoriafreight.com.<\/p>\n\n\n\n<h2 class=\"wp-block-heading\">Hangi ki\u015fisel bilgileri topluyoruz ve neden topluyoruz?<\/h2>\n\n\n\n<h3 class=\"wp-block-heading\">Yorumlar<\/h3>\n\n\n\n<p>Ziyaret\u00e7iler siteye yorum yazd\u0131\u011f\u0131nda, spam&#8217;i tespit etmeye yard\u0131mc\u0131 olmak i\u00e7in yorum formunda g\u00f6r\u00fcnt\u00fclenen verileri, ziyaret\u00e7inin IP adresini ve kullan\u0131c\u0131 arac\u0131s\u0131 dizesini (taray\u0131c\u0131y\u0131 tan\u0131mlayan) toplar ,<\/p>\n\n\n\n<p>E-posta adresinden, ads\u0131z bir dize (karma ad\u0131 verilen) olu\u015fturabilir ve kullan\u0131p kullanmad\u0131\u011f\u0131n\u0131 g\u00f6rmek i\u00e7in Gravatar servisine g\u00f6nderebilirsin. Gravatar servisinin gizlilik politikas\u0131n\u0131 burada bulabilirsiniz: https:\/\/automattic.com\/privacy\/. Yorumunuz payla\u015f\u0131ld\u0131ktan sonra, profil resminiz, yorumunuz ba\u011flam\u0131nda herkese g\u00f6r\u00fcn\u00fcr olacak.<\/p>\n\n\n\n<h3 class=\"wp-block-heading\">Medya<\/h3>\n\n\n\n<p>Kay\u0131tl\u0131 bir kullan\u0131c\u0131ysan\u0131z ve bu web sitesine foto\u011fraf y\u00fckl\u00fcyorsan\u0131z, EXIF GPS konumuyla foto\u011fraf y\u00fcklemekten ka\u00e7\u0131nmal\u0131s\u0131n\u0131z. Bu web sitesini ziyaret edenler, bu web sitesinde depolanan foto\u011fraflar\u0131 indirebilir ve konum bilgilerini \u00e7\u0131karabilir.<\/p>\n\n\n\n<h3 class=\"wp-block-heading\">\u0130leti\u015fim formlar\u0131<\/h3>\n\n\n\n<h3 class=\"wp-block-heading\">Kurabiye<\/h3>\n\n\n\n<p>Web sitemize yorum yazd\u0131\u011f\u0131n\u0131zda, ad\u0131n\u0131z\u0131, e-posta adresinizi ve web sitenizi \u00e7erezlere kaydetmeniz bir onay olabilir. Bu kolayl\u0131k sa\u011flayan bir \u00f6zelliktir, ba\u015fka bir yorum yazarsan\u0131z t\u00fcm bu verileri tekrar girmeniz gerekmez. Bu \u00e7erezler bir y\u0131l s\u00fcreyle saklan\u0131r.<\/p>\n\n\n\n<p>Bir hesab\u0131n\u0131z varsa ve bu siteye kaydolduysan\u0131z, taray\u0131c\u0131n\u0131z\u0131n \u00e7erezleri kabul edip etmedi\u011fini g\u00f6rmek i\u00e7in ge\u00e7ici bir \u00e7erez ayarlayaca\u011f\u0131z. Bu \u00e7erez hi\u00e7bir ki\u015fisel bilgi i\u00e7ermez ve taray\u0131c\u0131n\u0131z\u0131 kapatt\u0131\u011f\u0131n\u0131zda at\u0131l\u0131r.<\/p>\n\n\n\n<p>Kaydoldu\u011funuzda, giri\u015f bilgilerinizi ve g\u00f6r\u00fcnt\u00fcleme se\u00e7eneklerinizi saklamak i\u00e7in \u00e7erezler ayarlayaca\u011f\u0131z. Giri\u015f \u00e7erezleri iki g\u00fcn sonra sona erer ve bir y\u0131l sonra g\u00f6r\u00fcnt\u00fcleme se\u00e7enekleri i\u00e7in \u00e7erezler ge\u00e7er. Kay\u0131t olurken &#8220;Oturumda kal\u0131n&#8221; se\u00e7ene\u011fini belirlerseniz, kayd\u0131n\u0131z iki hafta boyunca korunur. Hesab\u0131n\u0131zdan \u00e7\u0131kmak, giri\u015f \u00e7erezlerini siler.<\/p>\n\n\n\n<p>Bir makaleyi d\u00fczenledi\u011finizde veya yay\u0131nlad\u0131\u011f\u0131n\u0131zda, taray\u0131c\u0131n\u0131zda ek bir \u00e7erez saklan\u0131r. Bu \u00e7erez, hi\u00e7bir ki\u015fisel bilgi i\u00e7ermez ve yaln\u0131zca az \u00f6nce d\u00fczenledi\u011finiz \u00f6\u011fenin posta kimli\u011fini belirtir. \u00c7erez bir g\u00fcn sonra sona eriyor.<\/p>\n\n\n\n<h3 class=\"wp-block-heading\">Di\u011fer web sitelerinden gelen g\u00f6m\u00fcl\u00fc i\u00e7erik<\/h3>\n\n\n\n<p>Bu sitedeki yay\u0131nlar g\u00f6m\u00fcl\u00fc i\u00e7erik i\u00e7erebilir (\u00f6r. Videolar, resimler, yaz\u0131lar vb.). Di\u011fer web sitelerinden gelen g\u00f6m\u00fcl\u00fc i\u00e7erik, ziyaret\u00e7iler di\u011fer web sitesini ziyaret etmi\u015f gibi davran\u0131r.<\/p>\n\n\n\n<p>Bu web siteleri, hakk\u0131n\u0131zda veri toplayabilir, \u00e7erezleri kullanabilir, \u00fc\u00e7\u00fcnc\u00fc taraflara ait izleme hizmetlerini ekleyebilir ve bir hesab\u0131n\u0131z varsa ve bu web sitesinde oturum a\u00e7t\u0131ysan\u0131z, g\u00f6m\u00fcl\u00fc i\u00e7erikle etkile\u015fimleriniz de dahil olmak \u00fczere bu g\u00f6m\u00fcl\u00fc i\u00e7erikle etkile\u015fimlerinizi kaydedebilirsiniz.<\/p>\n\n\n\n<h3 class=\"wp-block-heading\">Analiz hizmetleri<\/h3>\n\n\n\n<p><a id=\"ga-opt-out\" href=\"#\">Google Analytics\u2019i Devre D\u0131\u015f\u0131 B\u0131rak<\/a><\/p>\n\n\n\n<h2 class=\"wp-block-heading\">Verilerinizi kimlerle payla\u015f\u0131yoruz<\/h2>\n\n\n\n<h2 class=\"wp-block-heading\">Verilerinizi ne kadar s\u00fcreyle kaydederiz<\/h2>\n\n\n\n<p>Bir yorum yazarsan\u0131z, meta veriler dahil olmak \u00fczere s\u00fcresiz olarak depolan\u0131r. Bu \u015fekilde, b\u00f6l\u00fcm yorumlar\u0131n\u0131 bir denetleme kuyru\u011funda tutmak yerine otomatik olarak alg\u0131layabilir ve onaylayabiliriz.<\/p>\n\n\n\n<p>Web sitemize kaydolan kullan\u0131c\u0131lar i\u00e7in sa\u011flad\u0131klar\u0131 ki\u015fisel bilgileri de kullan\u0131c\u0131 profillerinde sakl\u0131yoruz. T\u00fcm kullan\u0131c\u0131lar ki\u015fisel bilgilerini istedikleri zaman g\u00f6r\u00fcnt\u00fcleyebilir, de\u011fi\u015ftirebilir veya silebilir (kullan\u0131c\u0131 ad\u0131 de\u011fi\u015ftirilemez). Site y\u00f6neticileri de bu bilgileri g\u00f6r\u00fcnt\u00fcleyebilir ve de\u011fi\u015ftirebilir.<\/p>\n\n\n\n<h2 class=\"wp-block-heading\">Verilerinizde hangi haklara sahipsiniz?<\/h2>\n\n\n\n<p>Bu sitede bir hesab\u0131n\u0131z varsa veya yorum yazd\u0131ysan\u0131z, bize verdi\u011finiz veriler de dahil olmak \u00fczere ki\u015fisel bilgilerinizi bize vermemizi isteyebilirsiniz. Ek olarak, hakk\u0131n\u0131zda saklad\u0131\u011f\u0131m\u0131z ki\u015fisel bilgilerin silinmesini de isteyebilirsiniz. Bu, idari, yasal veya g\u00fcvenlikle ilgili ihtiya\u00e7lar i\u00e7in saklamam\u0131z gereken verileri i\u00e7ermez.<\/p>\n\n\n\n<h2 class=\"wp-block-heading\">Verilerinizi nereye g\u00f6nderiyoruz<\/h2>\n\n\n\n<p>Ziyaret\u00e7i yorumlar\u0131 otomatik bir spam alg\u0131lama servisi taraf\u0131ndan incelenebilir.<\/p>\n\n\n\n<h2 class=\"wp-block-heading\">Ek bilgi<\/h2>\n","protected":false},"excerpt":{"rendered":"<p>Biz kimiz Web sitemizin adresi: https:\/\/adoriafreight.com. Hangi ki\u015fisel bilgileri topluyoruz ve neden topluyoruz? Yorumlar Ziyaret\u00e7iler siteye yorum yazd\u0131\u011f\u0131nda, spam&#8217;i tespit etmeye yard\u0131mc\u0131 olmak i\u00e7in yorum formunda g\u00f6r\u00fcnt\u00fclenen verileri, ziyaret\u00e7inin IP adresini ve kullan\u0131c\u0131 arac\u0131s\u0131 dizesini (taray\u0131c\u0131y\u0131 tan\u0131mlayan) toplar , E-posta adresinden, ads\u0131z bir dize (karma ad\u0131 verilen) olu\u015fturabilir ve kullan\u0131p kullanmad\u0131\u011f\u0131n\u0131 g\u00f6rmek i\u00e7in Gravatar servisine [&hellip;]<\/p>\n","protected":false},"author":2,"featured_media":0,"parent":0,"menu_order":0,"comment_status":"closed","ping_status":"open","template":"","meta":{"_acf_changed":false,"footnotes":""},"class_list":["post-2065","page","type-page","status-publish","hentry"],"acf":[],"_links":{"self":[{"href":"https:\/\/adoriafreight.com\/tr\/wp-json\/wp\/v2\/pages\/2065","targetHints":{"allow":["GET"]}}],"collection":[{"href":"https:\/\/adoriafreight.com\/tr\/wp-json\/wp\/v2\/pages"}],"about":[{"href":"https:\/\/adoriafreight.com\/tr\/wp-json\/wp\/v2\/types\/page"}],"author":[{"embeddable":true,"href":"https:\/\/adoriafreight.com\/tr\/wp-json\/wp\/v2\/users\/2"}],"replies":[{"embeddable":true,"href":"https:\/\/adoriafreight.com\/tr\/wp-json\/wp\/v2\/comments?post=2065"}],"version-history":[{"count":0,"href":"https:\/\/adoriafreight.com\/tr\/wp-json\/wp\/v2\/pages\/2065\/revisions"}],"wp:attachment":[{"href":"https:\/\/adoriafreight.com\/tr\/wp-json\/wp\/v2\/media?parent=2065"}],"curies":[{"name":"wp","href":"https:\/\/api.w.org\/{rel}","templated":true}]}}